{"id":7,"date":"2026-02-12T10:59:03","date_gmt":"2026-02-12T13:59:03","guid":{"rendered":"https:\/\/laboratoriogem.com.ar\/?page_id=7"},"modified":"2026-03-19T19:10:06","modified_gmt":"2026-03-19T22:10:06","slug":"laboratorio-gem","status":"publish","type":"page","link":"https:\/\/laboratoriogem.com.ar\/","title":{"rendered":"Home"},"content":{"rendered":"<p>[et_pb_section fb_built=&#8221;1&#8243; _builder_version=&#8221;4.27.5&#8243; _module_preset=&#8221;default&#8221; background_color=&#8221;#FFFFFF&#8221; background_video_mp4=&#8221;https:\/\/laboratoriogem.com.ar\/wp-content\/uploads\/2026\/02\/gem-lab.mp4&#8243; background_pattern_repeat=&#8221;space&#8221; custom_padding=&#8221;124px||171px|||&#8221; global_colors_info=&#8221;{}&#8221;][et_pb_row _builder_version=&#8221;4.27.5&#8243; _module_preset=&#8221;default&#8221; global_colors_info=&#8221;{}&#8221;][et_pb_column type=&#8221;4_4&#8243; _builder_version=&#8221;4.27.5&#8243; _module_preset=&#8221;default&#8221; global_colors_info=&#8221;{}&#8221;][et_pb_image src=&#8221;https:\/\/laboratoriogem.com.ar\/wp-content\/uploads\/2026\/02\/GEM-FINAL-2-1.png&#8221; title_text=&#8221;GEM FINAL 2&#8243; align=&#8221;center&#8221; _builder_version=&#8221;4.27.5&#8243; _module_preset=&#8221;default&#8221; global_colors_info=&#8221;{}&#8221;][\/et_pb_image][\/et_pb_column][\/et_pb_row][et_pb_row _builder_version=&#8221;4.27.5&#8243; _module_preset=&#8221;default&#8221; global_colors_info=&#8221;{}&#8221;][et_pb_column type=&#8221;4_4&#8243; _builder_version=&#8221;4.27.5&#8243; _module_preset=&#8221;default&#8221; global_colors_info=&#8221;{}&#8221;][et_pb_text _builder_version=&#8221;4.27.5&#8243; _module_preset=&#8221;default&#8221; global_colors_info=&#8221;{}&#8221;]<\/p>\n<p style=\"text-align: center;\"><strong>En nuestro laboratorio\u00a0 trabajamos con compromiso, precisi\u00f3n y confianza para cuidar tu salud. Realizamos estudios con tecnolog\u00eda moderna y altos est\u00e1ndares de calidad, ofreciendo resultados r\u00e1pidos y confiables.<\/strong><\/p>\n<p>[\/et_pb_text][et_pb_toggle title=&#8221;An\u00e1lisis Cl\u00ednicos de Rutina&#8221; open_toggle_text_color=&#8221;#0c7a60&#8243; open_toggle_background_color=&#8221;#FFFFFF&#8221; closed_toggle_text_color=&#8221;#0c7a60&#8243; closed_toggle_background_color=&#8221;rgba(255,255,255,0.29)&#8221; _builder_version=&#8221;4.27.5&#8243; _module_preset=&#8221;default&#8221; title_font=&#8221;|700|||||||&#8221; closed_title_font=&#8221;|700|||||||&#8221; global_colors_info=&#8221;{}&#8221;]<\/p>\n<p data-start=\"421\" data-end=\"539\">Estos son estudios b\u00e1sicos que eval\u00faan la salud general y ayudan a diagnosticar problemas o monitorear tratamientos:<\/p>\n<ul data-start=\"540\" data-end=\"955\">\n<li data-start=\"540\" data-end=\"604\">\n<p data-start=\"542\" data-end=\"604\"><strong data-start=\"542\" data-end=\"564\">Hemograma completo<\/strong> (gl\u00f3bulos rojos, blancos y plaquetas)<\/p>\n<\/li>\n<li data-start=\"605\" data-end=\"694\">\n<p data-start=\"607\" data-end=\"694\"><strong data-start=\"607\" data-end=\"629\">Bioqu\u00edmica cl\u00ednica<\/strong> (glucosa, colesterol, triglic\u00e9ridos, funci\u00f3n renal y hep\u00e1tica)<\/p>\n<\/li>\n<li data-start=\"695\" data-end=\"718\">\n<p data-start=\"697\" data-end=\"718\"><strong data-start=\"697\" data-end=\"716\">Perfil lip\u00eddico<\/strong><\/p>\n<\/li>\n<li data-start=\"719\" data-end=\"751\">\n<p data-start=\"721\" data-end=\"751\"><strong data-start=\"721\" data-end=\"749\">Funci\u00f3n renal y hep\u00e1tica<\/strong><\/p>\n<\/li>\n<li data-start=\"752\" data-end=\"793\">\n<p data-start=\"754\" data-end=\"793\"><strong data-start=\"754\" data-end=\"791\">Glucosa y tolerancia a la glucosa<\/strong><\/p>\n<\/li>\n<li data-start=\"794\" data-end=\"838\">\n<p data-start=\"796\" data-end=\"838\"><strong data-start=\"796\" data-end=\"836\">Electrolitos (sodio, potasio, cloro)<\/strong><\/p>\n<\/li>\n<li data-start=\"839\" data-end=\"875\">\n<p data-start=\"841\" data-end=\"875\"><strong data-start=\"841\" data-end=\"873\">Prote\u00ednas totales y alb\u00famina<\/strong><\/p>\n<\/li>\n<li data-start=\"876\" data-end=\"955\">\n<p data-start=\"878\" data-end=\"955\"><strong data-start=\"878\" data-end=\"917\">Hormonas tiroideas y otras hormonas<\/strong><\/p>\n<\/li>\n<\/ul>\n<p>[\/et_pb_toggle][et_pb_toggle title=&#8221;Estudios de Sangre&#8221; open_toggle_text_color=&#8221;#0c7a60&#8243; open_toggle_background_color=&#8221;#FFFFFF&#8221; closed_toggle_text_color=&#8221;#0c7a60&#8243; closed_toggle_background_color=&#8221;rgba(255,255,255,0.29)&#8221; _builder_version=&#8221;4.27.5&#8243; _module_preset=&#8221;default&#8221; title_font=&#8221;|700|||||||&#8221; global_colors_info=&#8221;{}&#8221;]<\/p>\n<ul>\n<li data-start=\"994\" data-end=\"1048\">\n<p data-start=\"996\" data-end=\"1048\"><strong data-start=\"996\" data-end=\"1021\">Minerales y vitaminas<\/strong> (cuando est\u00e1n incluidos)<\/p>\n<\/li>\n<li data-start=\"1049\" data-end=\"1093\">\n<p data-start=\"1051\" data-end=\"1093\"><strong data-start=\"1051\" data-end=\"1075\">Marcadores card\u00edacos<\/strong> si corresponden<\/p>\n<\/li>\n<li data-start=\"1094\" data-end=\"1124\">\n<p data-start=\"1096\" data-end=\"1124\"><strong data-start=\"1096\" data-end=\"1122\">Pruebas de coagulaci\u00f3n<\/strong><\/p>\n<\/li>\n<li data-start=\"1125\" data-end=\"1237\">\n<p data-start=\"1127\" data-end=\"1237\"><strong data-start=\"1127\" data-end=\"1162\">Pruebas hormonales y endocrinas<\/strong><br data-start=\"1162\" data-end=\"1165\" \/>(TSH, T3, T4, hormonas sexuales)<\/p>\n<\/li>\n<\/ul>\n<p>[\/et_pb_toggle][et_pb_toggle title=&#8221;An\u00e1lisis Bacteriol\u00f3gicos \/ Microbiol\u00f3gicos&#8221; open_toggle_text_color=&#8221;#0c7a60&#8243; open_toggle_background_color=&#8221;#FFFFFF&#8221; closed_toggle_text_color=&#8221;#0c7a60&#8243; closed_toggle_background_color=&#8221;rgba(255,255,255,0.29)&#8221; _builder_version=&#8221;4.27.5&#8243; _module_preset=&#8221;default&#8221; title_font=&#8221;|700|||||||&#8221; global_colors_info=&#8221;{}&#8221;]<\/p>\n<p data-start=\"1303\" data-end=\"1390\">Estas pruebas detectan, a\u00edslan e identifican microorganismos como bacterias y hongos:<\/p>\n<ul data-start=\"1391\" data-end=\"1780\">\n<li data-start=\"1391\" data-end=\"1464\">\n<p data-start=\"1393\" data-end=\"1464\"><strong data-start=\"1393\" data-end=\"1407\">Urocultivo<\/strong> (cultivo de orina para detectar infecciones urinarias)<\/p>\n<\/li>\n<li data-start=\"1465\" data-end=\"1512\">\n<p data-start=\"1467\" data-end=\"1512\"><strong data-start=\"1467\" data-end=\"1510\">Cultivos de heces, esputo o secreciones<\/strong><\/p>\n<\/li>\n<li data-start=\"1513\" data-end=\"1580\">\n<p data-start=\"1515\" data-end=\"1580\"><strong data-start=\"1515\" data-end=\"1555\">Identificaci\u00f3n de bacterias y hongos<\/strong> en diferentes muestras<\/p>\n<\/li>\n<li data-start=\"1581\" data-end=\"1780\">\n<p data-start=\"1583\" data-end=\"1780\"><strong data-start=\"1583\" data-end=\"1599\">Antibiograma<\/strong> (prueba de sensibilidad a antibi\u00f3ticos)<br data-start=\"1639\" data-end=\"1642\" \/>Este tipo de estudios ayudan a saber <strong data-start=\"1679\" data-end=\"1741\">qu\u00e9 germen hay y qu\u00e9 tratamiento antibi\u00f3tico es m\u00e1s eficaz<\/strong>.<\/p>\n<\/li>\n<\/ul>\n<p>[\/et_pb_toggle][et_pb_toggle title=&#8221;Serolog\u00edas e Inmunolog\u00eda&#8221; open_toggle_text_color=&#8221;#0c7a60&#8243; open_toggle_background_color=&#8221;#FFFFFF&#8221; closed_toggle_text_color=&#8221;#0c7a60&#8243; closed_toggle_background_color=&#8221;rgba(255,255,255,0.29)&#8221; _builder_version=&#8221;4.27.5&#8243; _module_preset=&#8221;default&#8221; title_font=&#8221;|700|||||||&#8221; global_colors_info=&#8221;{}&#8221;]<\/p>\n<p data-start=\"1825\" data-end=\"1926\">Ex\u00e1menes para detectar anticuerpos o ant\u00edgenos relacionados con infecciones o estados inmunitarios:<\/p>\n<ul data-start=\"1927\" data-end=\"2108\">\n<li data-start=\"1927\" data-end=\"1952\">\n<p data-start=\"1929\" data-end=\"1952\"><strong data-start=\"1929\" data-end=\"1950\">Hepatitis A, B, C<\/strong><\/p>\n<\/li>\n<li data-start=\"1953\" data-end=\"1964\">\n<p data-start=\"1955\" data-end=\"1964\"><strong data-start=\"1955\" data-end=\"1962\">VIH<\/strong><\/p>\n<\/li>\n<li data-start=\"1965\" data-end=\"1991\">\n<p data-start=\"1967\" data-end=\"1991\"><strong data-start=\"1967\" data-end=\"1989\">S\u00edfilis (VDRL\/RPR)<\/strong><\/p>\n<\/li>\n<li data-start=\"1992\" data-end=\"2013\">\n<p data-start=\"1994\" data-end=\"2013\"><strong data-start=\"1994\" data-end=\"2011\">Toxoplasmosis<\/strong><\/p>\n<\/li>\n<li data-start=\"2014\" data-end=\"2108\">\n<p data-start=\"2016\" data-end=\"2108\">Otras serolog\u00edas que el m\u00e9dico solicite seg\u00fan el caso<\/p>\n<\/li>\n<\/ul>\n<p>[\/et_pb_toggle][et_pb_toggle title=&#8221;Otros Servicios&#8221; open_toggle_text_color=&#8221;#0c7a60&#8243; open_toggle_background_color=&#8221;#FFFFFF&#8221; closed_toggle_text_color=&#8221;#0c7a60&#8243; closed_toggle_background_color=&#8221;rgba(255,255,255,0.29)&#8221; _builder_version=&#8221;4.27.5&#8243; _module_preset=&#8221;default&#8221; title_font=&#8221;|700|||||||&#8221; global_colors_info=&#8221;{}&#8221;]<\/p>\n<ul data-start=\"2462\" data-end=\"2764\">\n<li data-start=\"2462\" data-end=\"2502\">\n<p data-start=\"2464\" data-end=\"2502\"><strong data-start=\"2464\" data-end=\"2500\">An\u00e1lisis de orina completo (EGO)<\/strong><\/p>\n<\/li>\n<li data-start=\"2503\" data-end=\"2538\">\n<p data-start=\"2505\" data-end=\"2538\"><strong data-start=\"2505\" data-end=\"2536\">Urocultivo con antibiograma<\/strong><\/p>\n<\/li>\n<li data-start=\"2539\" data-end=\"2579\">\n<p data-start=\"2541\" data-end=\"2579\"><strong data-start=\"2541\" data-end=\"2577\">Examen de heces (parasitol\u00f3gico)<\/strong><\/p>\n<\/li>\n<li data-start=\"2580\" data-end=\"2629\">\n<p data-start=\"2582\" data-end=\"2629\"><strong data-start=\"2582\" data-end=\"2627\">Pruebas r\u00e1pidas (p. ej. test de embarazo)<\/strong><\/p>\n<\/li>\n<li data-start=\"2630\" data-end=\"2666\">\n<p data-start=\"2632\" data-end=\"2666\"><strong data-start=\"2632\" data-end=\"2664\">Entrega de resultados online<\/strong><\/p>\n<\/li>\n<li data-start=\"2667\" data-end=\"2764\">\n<p data-start=\"2669\" data-end=\"2764\"><strong data-start=\"2669\" data-end=\"2700\">Toma de muestra a domicilio<\/strong> (en algunos laboratorios) <span class=\"\" data-state=\"closed\"><\/span><\/p>\n<\/li>\n<\/ul>\n<p>[\/et_pb_toggle][\/et_pb_column][\/et_pb_row][et_pb_row _builder_version=&#8221;4.27.5&#8243; _module_preset=&#8221;default&#8221; global_colors_info=&#8221;{}&#8221;][et_pb_column type=&#8221;4_4&#8243; _builder_version=&#8221;4.27.5&#8243; _module_preset=&#8221;default&#8221; global_colors_info=&#8221;{}&#8221;][et_pb_divider _builder_version=&#8221;4.27.5&#8243; _module_preset=&#8221;default&#8221; global_colors_info=&#8221;{}&#8221;][\/et_pb_divider][\/et_pb_column][\/et_pb_row][et_pb_row column_structure=&#8221;1_4,1_4,1_4,1_4&#8243; _builder_version=&#8221;4.27.5&#8243; _module_preset=&#8221;default&#8221; global_colors_info=&#8221;{}&#8221;][et_pb_column type=&#8221;1_4&#8243; _builder_version=&#8221;4.27.5&#8243; _module_preset=&#8221;default&#8221; global_colors_info=&#8221;{}&#8221;][et_pb_blurb use_icon=&#8221;on&#8221; font_icon=&#8221;&#xe081;||divi||400&#8243; icon_color=&#8221;#5d9176&#8243; image_icon_width=&#8221;46px&#8221; _builder_version=&#8221;4.27.5&#8243; _module_preset=&#8221;default&#8221; text_orientation=&#8221;center&#8221; global_colors_info=&#8221;{}&#8221;]<\/p>\n<p><span><strong>Primeros Pobladores 1279. Fernandez Oro. R\u00edo Negro.<\/strong><\/span><\/p>\n<p>[\/et_pb_blurb][\/et_pb_column][et_pb_column type=&#8221;1_4&#8243; _builder_version=&#8221;4.27.5&#8243; _module_preset=&#8221;default&#8221; global_colors_info=&#8221;{}&#8221;][et_pb_blurb use_icon=&#8221;on&#8221; font_icon=&#8221;&#xf3cd;||fa||900&#8243; icon_color=&#8221;#5d9176&#8243; image_icon_width=&#8221;46px&#8221; _builder_version=&#8221;4.27.5&#8243; _module_preset=&#8221;default&#8221; text_orientation=&#8221;center&#8221; global_colors_info=&#8221;{}&#8221;]<\/p>\n<p><span><strong>299 5778771<\/strong><\/span><\/p>\n<p>[\/et_pb_blurb][\/et_pb_column][et_pb_column type=&#8221;1_4&#8243; _builder_version=&#8221;4.27.5&#8243; _module_preset=&#8221;default&#8221; global_colors_info=&#8221;{}&#8221;][et_pb_blurb use_icon=&#8221;on&#8221; font_icon=&#8221;&#xf0e0;||fa||400&#8243; icon_color=&#8221;#5d9176&#8243; image_icon_width=&#8221;46px&#8221; _builder_version=&#8221;4.27.5&#8243; _module_preset=&#8221;default&#8221; text_orientation=&#8221;center&#8221; hover_enabled=&#8221;0&#8243; global_colors_info=&#8221;{}&#8221; sticky_enabled=&#8221;0&#8243;]<\/p>\n<p style=\"text-align: center;\"><strong><span style=\"color: #339966;\">administracion@laboratoriogem.com.ar<\/span><\/strong><\/p>\n<p>[\/et_pb_blurb][\/et_pb_column][et_pb_column type=&#8221;1_4&#8243; _builder_version=&#8221;4.27.5&#8243; _module_preset=&#8221;default&#8221; global_colors_info=&#8221;{}&#8221;][et_pb_social_media_follow _builder_version=&#8221;4.27.5&#8243; _module_preset=&#8221;default&#8221; hover_enabled=&#8221;0&#8243; sticky_enabled=&#8221;0&#8243; text_orientation=&#8221;center&#8221; custom_margin=&#8221;||7px|||&#8221; use_icon_font_size=&#8221;on&#8221; icon_font_size=&#8221;2px&#8221;][et_pb_social_media_follow_network social_network=&#8221;instagram&#8221; background_color=&#8221;#ea2c59&#8243; _builder_version=&#8221;4.27.5&#8243; _module_preset=&#8221;default&#8221; follow_button=&#8221;off&#8221; url_new_window=&#8221;on&#8221; url=&#8221;https:\/\/www.instagram.com\/laboratoriogem&#8221; hover_enabled=&#8221;0&#8243; sticky_enabled=&#8221;0&#8243; use_icon_font_size=&#8221;on&#8221; icon_font_size=&#8221;27px&#8221; border_radii=&#8221;on|10px|10px|10px|10px&#8221;]instagram[\/et_pb_social_media_follow_network][\/et_pb_social_media_follow][et_pb_blurb image_icon_width=&#8221;46px&#8221; _builder_version=&#8221;4.27.5&#8243; _module_preset=&#8221;default&#8221; text_orientation=&#8221;center&#8221; hover_enabled=&#8221;0&#8243; global_colors_info=&#8221;{}&#8221; sticky_enabled=&#8221;0&#8243;]<\/p>\n<p><span><strong>@laboratoriogem<\/strong><\/span><\/p>\n<p>[\/et_pb_blurb][\/et_pb_column][\/et_pb_row][\/et_pb_section]<\/p>\n","protected":false},"excerpt":{"rendered":"<p>En nuestro laboratorio\u00a0 trabajamos con compromiso, precisi\u00f3n y confianza para cuidar tu salud. Realizamos estudios con tecnolog\u00eda moderna y altos est\u00e1ndares de calidad, ofreciendo resultados r\u00e1pidos y confiables.Estos son estudios b\u00e1sicos que eval\u00faan la salud general y ayudan a diagnosticar problemas o monitorear tratamientos: Hemograma completo (gl\u00f3bulos rojos, blancos y plaquetas) Bioqu\u00edmica cl\u00ednica (glucosa, colesterol, [&hellip;]<\/p>\n","protected":false},"author":1,"featured_media":0,"parent":0,"menu_order":0,"comment_status":"closed","ping_status":"closed","template":"page-template-blank.php","meta":{"_et_pb_use_builder":"on","_et_pb_old_content":"","_et_gb_content_width":"","_joinchat":[],"footnotes":""},"class_list":["post-7","page","type-page","status-publish","hentry"],"yoast_head":"<!-- This site is optimized with the Yoast SEO Premium plugin v26.9 (Yoast SEO v27.0) - https:\/\/yoast.com\/product\/yoast-seo-premium-wordpress\/ -->\n<title>Home - Laboratorio GEM<\/title>\n<meta name=\"description\" content=\"En nuestro laboratorio GEM realizamos estudios con tecnolog\u00eda y altos est\u00e1ndares de calidad, ofreciendo resultados r\u00e1pidos y confiables.\" \/>\n<meta name=\"robots\" content=\"index, follow, max-snippet:-1, max-image-preview:large, max-video-preview:-1\" \/>\n<link rel=\"canonical\" href=\"https:\/\/laboratoriogem.com.ar\/\" \/>\n<meta property=\"og:locale\" content=\"es_ES\" \/>\n<meta property=\"og:type\" content=\"article\" \/>\n<meta property=\"og:title\" content=\"Home\" \/>\n<meta property=\"og:description\" content=\"En nuestro laboratorio GEM realizamos estudios con tecnolog\u00eda y altos est\u00e1ndares de calidad, ofreciendo resultados r\u00e1pidos y confiables.\" \/>\n<meta property=\"og:url\" content=\"https:\/\/laboratoriogem.com.ar\/\" \/>\n<meta property=\"og:site_name\" content=\"Laboratorio GEM\" \/>\n<meta property=\"article:modified_time\" content=\"2026-03-19T22:10:06+00:00\" \/>\n<meta property=\"og:image\" content=\"https:\/\/laboratoriogem.com.ar\/wp-content\/uploads\/2026\/02\/cropped-Sin-titulo-5.png\" \/>\n\t<meta property=\"og:image:width\" content=\"512\" \/>\n\t<meta property=\"og:image:height\" content=\"512\" \/>\n\t<meta property=\"og:image:type\" content=\"image\/png\" \/>\n<meta name=\"twitter:card\" content=\"summary_large_image\" \/>\n<meta name=\"twitter:label1\" content=\"Tiempo de lectura\" \/>\n\t<meta name=\"twitter:data1\" content=\"2 minutos\" \/>\n<script type=\"application\/ld+json\" class=\"yoast-schema-graph\">{\"@context\":\"https:\/\/schema.org\",\"@graph\":[{\"@type\":\"WebPage\",\"@id\":\"https:\/\/laboratoriogem.com.ar\/\",\"url\":\"https:\/\/laboratoriogem.com.ar\/\",\"name\":\"Home - Laboratorio GEM\",\"isPartOf\":{\"@id\":\"https:\/\/laboratoriogem.com.ar\/#website\"},\"datePublished\":\"2026-02-12T13:59:03+00:00\",\"dateModified\":\"2026-03-19T22:10:06+00:00\",\"description\":\"En nuestro laboratorio GEM realizamos estudios con tecnolog\u00eda y altos est\u00e1ndares de calidad, ofreciendo resultados r\u00e1pidos y confiables.\",\"breadcrumb\":{\"@id\":\"https:\/\/laboratoriogem.com.ar\/#breadcrumb\"},\"inLanguage\":\"es-AR\",\"potentialAction\":[{\"@type\":\"ReadAction\",\"target\":[\"https:\/\/laboratoriogem.com.ar\/\"]}]},{\"@type\":\"BreadcrumbList\",\"@id\":\"https:\/\/laboratoriogem.com.ar\/#breadcrumb\",\"itemListElement\":[{\"@type\":\"ListItem\",\"position\":1,\"name\":\"Inicio\",\"item\":\"https:\/\/laboratoriogem.com.ar\/\"},{\"@type\":\"ListItem\",\"position\":2,\"name\":\"Home\"}]},{\"@type\":\"WebSite\",\"@id\":\"https:\/\/laboratoriogem.com.ar\/#website\",\"url\":\"https:\/\/laboratoriogem.com.ar\/\",\"name\":\"Laboratorio GEM\",\"description\":\"An\u00e1lisis Cl\u00ednicos y Bacteriol\u00f3gicos\",\"publisher\":{\"@id\":\"https:\/\/laboratoriogem.com.ar\/#organization\"},\"potentialAction\":[{\"@type\":\"SearchAction\",\"target\":{\"@type\":\"EntryPoint\",\"urlTemplate\":\"https:\/\/laboratoriogem.com.ar\/?s={search_term_string}\"},\"query-input\":{\"@type\":\"PropertyValueSpecification\",\"valueRequired\":true,\"valueName\":\"search_term_string\"}}],\"inLanguage\":\"es-AR\"},{\"@type\":[\"Organization\",\"Place\"],\"@id\":\"https:\/\/laboratoriogem.com.ar\/#organization\",\"name\":\"Laboratorio GEM\",\"url\":\"https:\/\/laboratoriogem.com.ar\/\",\"logo\":{\"@id\":\"https:\/\/laboratoriogem.com.ar\/#local-main-organization-logo\"},\"image\":{\"@id\":\"https:\/\/laboratoriogem.com.ar\/#local-main-organization-logo\"},\"description\":\"Laboratorio de An\u00e1lisis Cl\u00ednicos y Bacteriol\u00f3gicos\",\"legalName\":\"GEM\",\"foundingDate\":\"2026-02-01\",\"numberOfEmployees\":{\"@type\":\"QuantitativeValue\",\"minValue\":\"1\",\"maxValue\":\"10\"},\"address\":{\"@id\":\"https:\/\/laboratoriogem.com.ar\/#local-main-place-address\"},\"telephone\":[\"299 5778771\"],\"contactPoint\":{\"@type\":\"ContactPoint\",\"telephone\":\"299 5778771\",\"email\":\"administracion@gemlaboratorio.com.ar\"},\"openingHoursSpecification\":[],\"email\":\"administracion@gemlaboratorio.com.ar\"},{\"@type\":\"PostalAddress\",\"@id\":\"https:\/\/laboratoriogem.com.ar\/#local-main-place-address\",\"streetAddress\":\"Primeros Pobladores 1279\",\"addressLocality\":\"Fernandez Oro.\",\"postalCode\":\"8324\",\"addressRegion\":\"R\u00edo Negro\",\"addressCountry\":\"AR\"},{\"@type\":\"ImageObject\",\"inLanguage\":\"es-AR\",\"@id\":\"https:\/\/laboratoriogem.com.ar\/#local-main-organization-logo\",\"url\":\"https:\/\/laboratoriogem.com.ar\/wp-content\/uploads\/2026\/02\/cropped-Sin-titulo-5.png\",\"contentUrl\":\"https:\/\/laboratoriogem.com.ar\/wp-content\/uploads\/2026\/02\/cropped-Sin-titulo-5.png\",\"width\":512,\"height\":512,\"caption\":\"Laboratorio GEM\"}]}<\/script>\n<meta name=\"geo.placename\" content=\"Fernandez Oro.\" \/>\n<meta name=\"geo.region\" content=\"Argentina\" \/>\n<!-- \/ Yoast SEO Premium plugin. -->","yoast_head_json":{"title":"Home - Laboratorio GEM","description":"En nuestro laboratorio GEM realizamos estudios con tecnolog\u00eda y altos est\u00e1ndares de calidad, ofreciendo resultados r\u00e1pidos y confiables.","robots":{"index":"index","follow":"follow","max-snippet":"max-snippet:-1","max-image-preview":"max-image-preview:large","max-video-preview":"max-video-preview:-1"},"canonical":"https:\/\/laboratoriogem.com.ar\/","og_locale":"es_ES","og_type":"article","og_title":"Home","og_description":"En nuestro laboratorio GEM realizamos estudios con tecnolog\u00eda y altos est\u00e1ndares de calidad, ofreciendo resultados r\u00e1pidos y confiables.","og_url":"https:\/\/laboratoriogem.com.ar\/","og_site_name":"Laboratorio GEM","article_modified_time":"2026-03-19T22:10:06+00:00","og_image":[{"width":512,"height":512,"url":"https:\/\/laboratoriogem.com.ar\/wp-content\/uploads\/2026\/02\/cropped-Sin-titulo-5.png","type":"image\/png"}],"twitter_card":"summary_large_image","twitter_misc":{"Tiempo de lectura":"2 minutos"},"schema":{"@context":"https:\/\/schema.org","@graph":[{"@type":"WebPage","@id":"https:\/\/laboratoriogem.com.ar\/","url":"https:\/\/laboratoriogem.com.ar\/","name":"Home - Laboratorio GEM","isPartOf":{"@id":"https:\/\/laboratoriogem.com.ar\/#website"},"datePublished":"2026-02-12T13:59:03+00:00","dateModified":"2026-03-19T22:10:06+00:00","description":"En nuestro laboratorio GEM realizamos estudios con tecnolog\u00eda y altos est\u00e1ndares de calidad, ofreciendo resultados r\u00e1pidos y confiables.","breadcrumb":{"@id":"https:\/\/laboratoriogem.com.ar\/#breadcrumb"},"inLanguage":"es-AR","potentialAction":[{"@type":"ReadAction","target":["https:\/\/laboratoriogem.com.ar\/"]}]},{"@type":"BreadcrumbList","@id":"https:\/\/laboratoriogem.com.ar\/#breadcrumb","itemListElement":[{"@type":"ListItem","position":1,"name":"Inicio","item":"https:\/\/laboratoriogem.com.ar\/"},{"@type":"ListItem","position":2,"name":"Home"}]},{"@type":"WebSite","@id":"https:\/\/laboratoriogem.com.ar\/#website","url":"https:\/\/laboratoriogem.com.ar\/","name":"Laboratorio GEM","description":"An\u00e1lisis Cl\u00ednicos y Bacteriol\u00f3gicos","publisher":{"@id":"https:\/\/laboratoriogem.com.ar\/#organization"},"potentialAction":[{"@type":"SearchAction","target":{"@type":"EntryPoint","urlTemplate":"https:\/\/laboratoriogem.com.ar\/?s={search_term_string}"},"query-input":{"@type":"PropertyValueSpecification","valueRequired":true,"valueName":"search_term_string"}}],"inLanguage":"es-AR"},{"@type":["Organization","Place"],"@id":"https:\/\/laboratoriogem.com.ar\/#organization","name":"Laboratorio GEM","url":"https:\/\/laboratoriogem.com.ar\/","logo":{"@id":"https:\/\/laboratoriogem.com.ar\/#local-main-organization-logo"},"image":{"@id":"https:\/\/laboratoriogem.com.ar\/#local-main-organization-logo"},"description":"Laboratorio de An\u00e1lisis Cl\u00ednicos y Bacteriol\u00f3gicos","legalName":"GEM","foundingDate":"2026-02-01","numberOfEmployees":{"@type":"QuantitativeValue","minValue":"1","maxValue":"10"},"address":{"@id":"https:\/\/laboratoriogem.com.ar\/#local-main-place-address"},"telephone":["299 5778771"],"contactPoint":{"@type":"ContactPoint","telephone":"299 5778771","email":"administracion@gemlaboratorio.com.ar"},"openingHoursSpecification":[],"email":"administracion@gemlaboratorio.com.ar"},{"@type":"PostalAddress","@id":"https:\/\/laboratoriogem.com.ar\/#local-main-place-address","streetAddress":"Primeros Pobladores 1279","addressLocality":"Fernandez Oro.","postalCode":"8324","addressRegion":"R\u00edo Negro","addressCountry":"AR"},{"@type":"ImageObject","inLanguage":"es-AR","@id":"https:\/\/laboratoriogem.com.ar\/#local-main-organization-logo","url":"https:\/\/laboratoriogem.com.ar\/wp-content\/uploads\/2026\/02\/cropped-Sin-titulo-5.png","contentUrl":"https:\/\/laboratoriogem.com.ar\/wp-content\/uploads\/2026\/02\/cropped-Sin-titulo-5.png","width":512,"height":512,"caption":"Laboratorio GEM"}]},"geo.placename":"Fernandez Oro.","geo.region":"Argentina"},"_links":{"self":[{"href":"https:\/\/laboratoriogem.com.ar\/index.php\/wp-json\/wp\/v2\/pages\/7","targetHints":{"allow":["GET"]}}],"collection":[{"href":"https:\/\/laboratoriogem.com.ar\/index.php\/wp-json\/wp\/v2\/pages"}],"about":[{"href":"https:\/\/laboratoriogem.com.ar\/index.php\/wp-json\/wp\/v2\/types\/page"}],"author":[{"embeddable":true,"href":"https:\/\/laboratoriogem.com.ar\/index.php\/wp-json\/wp\/v2\/users\/1"}],"replies":[{"embeddable":true,"href":"https:\/\/laboratoriogem.com.ar\/index.php\/wp-json\/wp\/v2\/comments?post=7"}],"version-history":[{"count":11,"href":"https:\/\/laboratoriogem.com.ar\/index.php\/wp-json\/wp\/v2\/pages\/7\/revisions"}],"predecessor-version":[{"id":43,"href":"https:\/\/laboratoriogem.com.ar\/index.php\/wp-json\/wp\/v2\/pages\/7\/revisions\/43"}],"wp:attachment":[{"href":"https:\/\/laboratoriogem.com.ar\/index.php\/wp-json\/wp\/v2\/media?parent=7"}],"curies":[{"name":"wp","href":"https:\/\/api.w.org\/{rel}","templated":true}]}}